{"id":56,"date":"2021-06-29T18:33:58","date_gmt":"2021-06-29T16:33:58","guid":{"rendered":"https:\/\/paradisegarden.be\/?page_id=56"},"modified":"2023-03-03T16:43:07","modified_gmt":"2023-03-03T14:43:07","slug":"jardinage","status":"publish","type":"page","link":"https:\/\/paradisegarden.be\/index.php\/jardinage\/","title":{"rendered":"Jardinage"},"content":{"rendered":"\t\t<div data-elementor-type=\"wp-page\" data-elementor-id=\"56\" class=\"elementor elementor-56\">\n\t\t\t\t\t\t<section class=\"elementor-section elementor-top-section elementor-element elementor-element-7184b60 elementor-section-boxed elementor-section-height-default elementor-section-height-default\" data-id=\"7184b60\" data-element_type=\"section\">\n\t\t\t\t\t\t<div class=\"elementor-container elementor-column-gap-default\">\n\t\t\t\t\t<div class=\"elementor-column elementor-col-100 elementor-top-column elementor-element elementor-element-21e2df6\" data-id=\"21e2df6\" data-element_type=\"column\">\n\t\t\t<div class=\"elementor-widget-wrap elementor-element-populated\">\n\t\t\t\t\t\t<div class=\"elementor-element elementor-element-69aa2f5 elementor-button-success elementor-align-justify elementor-widget elementor-widget-button\" data-id=\"69aa2f5\" data-element_type=\"widget\" data-widget_type=\"button.default\">\n\t\t\t\t<div class=\"elementor-widget-container\">\n\t\t\t\t\t\t\t\t\t<div class=\"elementor-button-wrapper\">\n\t\t\t\t\t<a class=\"elementor-button elementor-button-link elementor-size-md\" href=\"#\">\n\t\t\t\t\t\t<span class=\"elementor-button-content-wrapper\">\n\t\t\t\t\t\t\t\t\t<span class=\"elementor-button-text\">Album Jardinage<\/span>\n\t\t\t\t\t<\/span>\n\t\t\t\t\t<\/a>\n\t\t\t\t<\/div>\n\t\t\t\t\t\t\t\t<\/div>\n\t\t\t\t<\/div>\n\t\t\t\t\t<\/div>\n\t\t<\/div>\n\t\t\t\t\t<\/div>\n\t\t<\/section>\n\t\t\t\t<section class=\"elementor-section elementor-top-section elementor-element elementor-element-2cb96f7 elementor-section-boxed elementor-section-height-default elementor-section-height-default\" data-id=\"2cb96f7\" data-element_type=\"section\">\n\t\t\t\t\t\t<div class=\"elementor-container elementor-column-gap-default\">\n\t\t\t\t\t<div class=\"elementor-column elementor-col-33 elementor-top-column elementor-element elementor-element-2af8778\" data-id=\"2af8778\" data-element_type=\"column\">\n\t\t\t<div class=\"elementor-widget-wrap elementor-element-populated\">\n\t\t\t\t\t\t<div class=\"elementor-element elementor-element-075d49c elementor-widget elementor-widget-image\" data-id=\"075d49c\" data-element_type=\"widget\" data-widget_type=\"image.default\">\n\t\t\t\t<div class=\"elementor-widget-container\">\n\t\t\t\t\t\t\t\t\t\t\t\t\t\t\t\t<a href=\"https:\/\/paradisegarden.be\/index.php\/album-jardinage\/\">\n\t\t\t\t\t\t\t<img decoding=\"async\" src=\"https:\/\/paradisegarden.be\/wp-content\/uploads\/elementor\/thumbs\/211999070_1423972407959364_1487947566844086214_n-qwxgzr9v72sx5ev0jkitwh1aubc0ui6t485bpcffxg.jpg\" title=\"211999070_1423972407959364_1487947566844086214_n\" alt=\"211999070_1423972407959364_1487947566844086214_n\" loading=\"lazy\" \/>\t\t\t\t\t\t\t\t<\/a>\n\t\t\t\t\t\t\t\t\t\t\t\t\t\t\t<\/div>\n\t\t\t\t<\/div>\n\t\t\t\t<div class=\"elementor-element elementor-element-e90746d elementor-widget elementor-widget-heading\" data-id=\"e90746d\" data-element_type=\"widget\" data-widget_type=\"heading.default\">\n\t\t\t\t<div class=\"elementor-widget-container\">\n\t\t\t\t\t<h2 class=\"elementor-heading-title elementor-size-default\"><a href=\"https:\/\/paradisegarden.be\/index.php\/album-jardinage\/\">Entretien &amp; Contrat de Jardin<\/a><\/h2>\t\t\t\t<\/div>\n\t\t\t\t<\/div>\n\t\t\t\t\t<\/div>\n\t\t<\/div>\n\t\t\t\t<div class=\"elementor-column elementor-col-33 elementor-top-column elementor-element elementor-element-678d54c\" data-id=\"678d54c\" data-element_type=\"column\">\n\t\t\t<div class=\"elementor-widget-wrap elementor-element-populated\">\n\t\t\t\t\t\t<div class=\"elementor-element elementor-element-d96b6e3 elementor-widget elementor-widget-image\" data-id=\"d96b6e3\" data-element_type=\"widget\" data-widget_type=\"image.default\">\n\t\t\t\t<div class=\"elementor-widget-container\">\n\t\t\t\t\t\t\t\t\t\t\t\t\t\t\t\t<a href=\"https:\/\/paradisegarden.be\/index.php\/album-jardinage\/\">\n\t\t\t\t\t\t\t<img fetchpriority=\"high\" decoding=\"async\" width=\"768\" height=\"1024\" src=\"https:\/\/paradisegarden.be\/wp-content\/uploads\/2021\/07\/204995859_337325728014736_8680643030553173491_n-768x1024.jpg\" class=\"attachment-large size-large wp-image-154\" alt=\"\" srcset=\"https:\/\/paradisegarden.be\/wp-content\/uploads\/2021\/07\/204995859_337325728014736_8680643030553173491_n-768x1024.jpg 768w, https:\/\/paradisegarden.be\/wp-content\/uploads\/2021\/07\/204995859_337325728014736_8680643030553173491_n-225x300.jpg 225w, https:\/\/paradisegarden.be\/wp-content\/uploads\/2021\/07\/204995859_337325728014736_8680643030553173491_n-1152x1536.jpg 1152w, https:\/\/paradisegarden.be\/wp-content\/uploads\/2021\/07\/204995859_337325728014736_8680643030553173491_n-9x12.jpg 9w, https:\/\/paradisegarden.be\/wp-content\/uploads\/2021\/07\/204995859_337325728014736_8680643030553173491_n-1x1.jpg 1w, https:\/\/paradisegarden.be\/wp-content\/uploads\/2021\/07\/204995859_337325728014736_8680643030553173491_n.jpg 1536w\" sizes=\"(max-width: 768px) 100vw, 768px\" \/>\t\t\t\t\t\t\t\t<\/a>\n\t\t\t\t\t\t\t\t\t\t\t\t\t\t\t<\/div>\n\t\t\t\t<\/div>\n\t\t\t\t<div class=\"elementor-element elementor-element-c35f7bc elementor-widget elementor-widget-heading\" data-id=\"c35f7bc\" data-element_type=\"widget\" data-widget_type=\"heading.default\">\n\t\t\t\t<div class=\"elementor-widget-container\">\n\t\t\t\t\t<h2 class=\"elementor-heading-title elementor-size-default\"><a href=\"https:\/\/paradisegarden.be\/index.php\/album-jardinage\/\">Cr\u00e9ation &amp; Am\u00e9nagement<\/a><\/h2>\t\t\t\t<\/div>\n\t\t\t\t<\/div>\n\t\t\t\t\t<\/div>\n\t\t<\/div>\n\t\t\t\t<div class=\"elementor-column elementor-col-33 elementor-top-column elementor-element elementor-element-873b679\" data-id=\"873b679\" data-element_type=\"column\">\n\t\t\t<div class=\"elementor-widget-wrap elementor-element-populated\">\n\t\t\t\t\t\t<div class=\"elementor-element elementor-element-84b943c elementor-widget elementor-widget-image\" data-id=\"84b943c\" data-element_type=\"widget\" data-widget_type=\"image.default\">\n\t\t\t\t<div class=\"elementor-widget-container\">\n\t\t\t\t\t\t\t\t\t\t\t\t\t\t\t\t<a href=\"https:\/\/paradisegarden.be\/index.php\/album-jardinage\/\">\n\t\t\t\t\t\t\t<img decoding=\"async\" width=\"768\" height=\"1024\" src=\"https:\/\/paradisegarden.be\/wp-content\/uploads\/2021\/07\/212523676_868576927083429_1929216374620920833_n-768x1024.jpg\" class=\"attachment-large size-large wp-image-146\" alt=\"\" srcset=\"https:\/\/paradisegarden.be\/wp-content\/uploads\/2021\/07\/212523676_868576927083429_1929216374620920833_n-768x1024.jpg 768w, https:\/\/paradisegarden.be\/wp-content\/uploads\/2021\/07\/212523676_868576927083429_1929216374620920833_n-225x300.jpg 225w, https:\/\/paradisegarden.be\/wp-content\/uploads\/2021\/07\/212523676_868576927083429_1929216374620920833_n-1152x1536.jpg 1152w, https:\/\/paradisegarden.be\/wp-content\/uploads\/2021\/07\/212523676_868576927083429_1929216374620920833_n-9x12.jpg 9w, https:\/\/paradisegarden.be\/wp-content\/uploads\/2021\/07\/212523676_868576927083429_1929216374620920833_n-1x1.jpg 1w, https:\/\/paradisegarden.be\/wp-content\/uploads\/2021\/07\/212523676_868576927083429_1929216374620920833_n.jpg 1536w\" sizes=\"(max-width: 768px) 100vw, 768px\" \/>\t\t\t\t\t\t\t\t<\/a>\n\t\t\t\t\t\t\t\t\t\t\t\t\t\t\t<\/div>\n\t\t\t\t<\/div>\n\t\t\t\t<div class=\"elementor-element elementor-element-c65bf4e elementor-widget elementor-widget-heading\" data-id=\"c65bf4e\" data-element_type=\"widget\" data-widget_type=\"heading.default\">\n\t\t\t\t<div class=\"elementor-widget-container\">\n\t\t\t\t\t<h2 class=\"elementor-heading-title elementor-size-default\"><a href=\"https:\/\/paradisegarden.be\/index.php\/album-jardinage\/\">Remise en \u00e9tat<\/a><\/h2>\t\t\t\t<\/div>\n\t\t\t\t<\/div>\n\t\t\t\t\t<\/div>\n\t\t<\/div>\n\t\t\t\t\t<\/div>\n\t\t<\/section>\n\t\t\t\t<section class=\"elementor-section elementor-top-section elementor-element elementor-element-2685ac1 elementor-section-boxed elementor-section-height-default elementor-section-height-default\" data-id=\"2685ac1\" data-element_type=\"section\">\n\t\t\t\t\t\t<div class=\"elementor-container elementor-column-gap-default\">\n\t\t\t\t\t<div class=\"elementor-column elementor-col-33 elementor-top-column elementor-element elementor-element-633f3d8\" data-id=\"633f3d8\" data-element_type=\"column\">\n\t\t\t<div class=\"elementor-widget-wrap elementor-element-populated\">\n\t\t\t\t\t\t<div class=\"elementor-element elementor-element-7d3acff elementor-widget elementor-widget-image\" data-id=\"7d3acff\" data-element_type=\"widget\" data-widget_type=\"image.default\">\n\t\t\t\t<div class=\"elementor-widget-container\">\n\t\t\t\t\t\t\t\t\t\t\t\t\t\t\t\t<a href=\"https:\/\/paradisegarden.be\/index.php\/album-jardinage\/\">\n\t\t\t\t\t\t\t<img decoding=\"async\" width=\"1024\" height=\"768\" src=\"https:\/\/paradisegarden.be\/wp-content\/uploads\/2021\/06\/IMG_4036-1024x768.jpg\" class=\"attachment-large size-large wp-image-66\" alt=\"\" srcset=\"https:\/\/paradisegarden.be\/wp-content\/uploads\/2021\/06\/IMG_4036-1024x768.jpg 1024w, https:\/\/paradisegarden.be\/wp-content\/uploads\/2021\/06\/IMG_4036-300x225.jpg 300w, https:\/\/paradisegarden.be\/wp-content\/uploads\/2021\/06\/IMG_4036-768x576.jpg 768w, https:\/\/paradisegarden.be\/wp-content\/uploads\/2021\/06\/IMG_4036-16x12.jpg 16w, https:\/\/paradisegarden.be\/wp-content\/uploads\/2021\/06\/IMG_4036-1x1.jpg 1w, https:\/\/paradisegarden.be\/wp-content\/uploads\/2021\/06\/IMG_4036.jpg 1174w\" sizes=\"(max-width: 1024px) 100vw, 1024px\" \/>\t\t\t\t\t\t\t\t<\/a>\n\t\t\t\t\t\t\t\t\t\t\t\t\t\t\t<\/div>\n\t\t\t\t<\/div>\n\t\t\t\t<div class=\"elementor-element elementor-element-c13234e elementor-widget elementor-widget-heading\" data-id=\"c13234e\" data-element_type=\"widget\" data-widget_type=\"heading.default\">\n\t\t\t\t<div class=\"elementor-widget-container\">\n\t\t\t\t\t<h2 class=\"elementor-heading-title elementor-size-default\"><a href=\"https:\/\/paradisegarden.be\/index.php\/album-jardinage\/\">Elagage &amp; Abatage<\/a><\/h2>\t\t\t\t<\/div>\n\t\t\t\t<\/div>\n\t\t\t\t\t<\/div>\n\t\t<\/div>\n\t\t\t\t<div class=\"elementor-column elementor-col-33 elementor-top-column elementor-element elementor-element-bc273bf\" data-id=\"bc273bf\" data-element_type=\"column\">\n\t\t\t<div class=\"elementor-widget-wrap elementor-element-populated\">\n\t\t\t\t\t\t<div class=\"elementor-element elementor-element-4b04b41 elementor-widget elementor-widget-image\" data-id=\"4b04b41\" data-element_type=\"widget\" data-widget_type=\"image.default\">\n\t\t\t\t<div class=\"elementor-widget-container\">\n\t\t\t\t\t\t\t\t\t\t\t\t\t\t\t\t<a href=\"https:\/\/paradisegarden.be\/index.php\/album-jardinage\/\">\n\t\t\t\t\t\t\t<img loading=\"lazy\" decoding=\"async\" width=\"1024\" height=\"768\" src=\"https:\/\/paradisegarden.be\/wp-content\/uploads\/2023\/03\/taille9.jpg\" class=\"attachment-large size-large wp-image-364\" alt=\"\" srcset=\"https:\/\/paradisegarden.be\/wp-content\/uploads\/2023\/03\/taille9.jpg 1024w, https:\/\/paradisegarden.be\/wp-content\/uploads\/2023\/03\/taille9-300x225.jpg 300w, https:\/\/paradisegarden.be\/wp-content\/uploads\/2023\/03\/taille9-768x576.jpg 768w, https:\/\/paradisegarden.be\/wp-content\/uploads\/2023\/03\/taille9-16x12.jpg 16w, https:\/\/paradisegarden.be\/wp-content\/uploads\/2023\/03\/taille9-1x1.jpg 1w\" sizes=\"(max-width: 1024px) 100vw, 1024px\" \/>\t\t\t\t\t\t\t\t<\/a>\n\t\t\t\t\t\t\t\t\t\t\t\t\t\t\t<\/div>\n\t\t\t\t<\/div>\n\t\t\t\t<div class=\"elementor-element elementor-element-458f288 elementor-widget elementor-widget-heading\" data-id=\"458f288\" data-element_type=\"widget\" data-widget_type=\"heading.default\">\n\t\t\t\t<div class=\"elementor-widget-container\">\n\t\t\t\t\t<h2 class=\"elementor-heading-title elementor-size-default\"><a href=\"https:\/\/paradisegarden.be\/index.php\/album-jardinage\/\">Taie des haies<\/a><\/h2>\t\t\t\t<\/div>\n\t\t\t\t<\/div>\n\t\t\t\t\t<\/div>\n\t\t<\/div>\n\t\t\t\t<div class=\"elementor-column elementor-col-33 elementor-top-column elementor-element elementor-element-3e08f1c\" data-id=\"3e08f1c\" data-element_type=\"column\">\n\t\t\t<div class=\"elementor-widget-wrap elementor-element-populated\">\n\t\t\t\t\t\t<div class=\"elementor-element elementor-element-ce9be1f elementor-widget elementor-widget-image\" data-id=\"ce9be1f\" data-element_type=\"widget\" data-widget_type=\"image.default\">\n\t\t\t\t<div class=\"elementor-widget-container\">\n\t\t\t\t\t\t\t\t\t\t\t\t\t\t\t\t<a href=\"https:\/\/paradisegarden.be\/index.php\/album-jardinage\/\">\n\t\t\t\t\t\t\t<img loading=\"lazy\" decoding=\"async\" width=\"640\" height=\"428\" src=\"https:\/\/paradisegarden.be\/wp-content\/uploads\/2023\/03\/0_0008-1.jpg\" class=\"attachment-large size-large wp-image-359\" alt=\"\" srcset=\"https:\/\/paradisegarden.be\/wp-content\/uploads\/2023\/03\/0_0008-1.jpg 640w, https:\/\/paradisegarden.be\/wp-content\/uploads\/2023\/03\/0_0008-1-300x201.jpg 300w, https:\/\/paradisegarden.be\/wp-content\/uploads\/2023\/03\/0_0008-1-18x12.jpg 18w, https:\/\/paradisegarden.be\/wp-content\/uploads\/2023\/03\/0_0008-1-1x1.jpg 1w\" sizes=\"(max-width: 640px) 100vw, 640px\" \/>\t\t\t\t\t\t\t\t<\/a>\n\t\t\t\t\t\t\t\t\t\t\t\t\t\t\t<\/div>\n\t\t\t\t<\/div>\n\t\t\t\t<div class=\"elementor-element elementor-element-d00798a elementor-widget elementor-widget-heading\" data-id=\"d00798a\" data-element_type=\"widget\" data-widget_type=\"heading.default\">\n\t\t\t\t<div class=\"elementor-widget-container\">\n\t\t\t\t\t<h2 class=\"elementor-heading-title elementor-size-default\"><a href=\"https:\/\/paradisegarden.be\/index.php\/album-jardinage\/\">Plantations<\/a><\/h2>\t\t\t\t<\/div>\n\t\t\t\t<\/div>\n\t\t\t\t\t<\/div>\n\t\t<\/div>\n\t\t\t\t\t<\/div>\n\t\t<\/section>\n\t\t\t\t<\/div>\n\t\t","protected":false},"excerpt":{"rendered":"<p>Album Jardinage Entretien &#038; Contrat de Jardin Cr\u00e9ation &amp; Am\u00e9nagement Remise en \u00e9tat Elagage &amp; Abatage Taie des haies Plantations<\/p>\n","protected":false},"author":1,"featured_media":0,"parent":0,"menu_order":0,"comment_status":"closed","ping_status":"closed","template":"","meta":{"footnotes":""},"_links":{"self":[{"href":"https:\/\/paradisegarden.be\/index.php\/wp-json\/wp\/v2\/pages\/56"}],"collection":[{"href":"https:\/\/paradisegarden.be\/index.php\/wp-json\/wp\/v2\/pages"}],"about":[{"href":"https:\/\/paradisegarden.be\/index.php\/wp-json\/wp\/v2\/types\/page"}],"author":[{"embeddable":true,"href":"https:\/\/paradisegarden.be\/index.php\/wp-json\/wp\/v2\/users\/1"}],"replies":[{"embeddable":true,"href":"https:\/\/paradisegarden.be\/index.php\/wp-json\/wp\/v2\/comments?post=56"}],"version-history":[{"count":31,"href":"https:\/\/paradisegarden.be\/index.php\/wp-json\/wp\/v2\/pages\/56\/revisions"}],"predecessor-version":[{"id":389,"href":"https:\/\/paradisegarden.be\/index.php\/wp-json\/wp\/v2\/pages\/56\/revisions\/389"}],"wp:attachment":[{"href":"https:\/\/paradisegarden.be\/index.php\/wp-json\/wp\/v2\/media?parent=56"}],"curies":[{"name":"wp","href":"https:\/\/api.w.org\/{rel}","templated":true}]}}